{"id":181,"date":"2024-05-14T21:17:21","date_gmt":"2024-05-14T21:17:21","guid":{"rendered":"https:\/\/heracycommx.local\/?page_id=181"},"modified":"2024-09-06T21:16:01","modified_gmt":"2024-09-06T21:16:01","slug":"contacto","status":"publish","type":"page","link":"https:\/\/heracy.edu.mx\/?page_id=181","title":{"rendered":"Contacto"},"content":{"rendered":"\t\t<div data-elementor-type=\"wp-page\" data-elementor-id=\"181\" class=\"elementor elementor-181\">\n\t\t\t\t<div class=\"elementor-element elementor-element-9c69ccc e-flex e-con-boxed e-con e-parent\" data-id=\"9c69ccc\" data-element_type=\"container\" data-settings=\"{&quot;background_background&quot;:&quot;classic&quot;}\">\n\t\t\t\t\t<div class=\"e-con-inner\">\n\t\t<div class=\"elementor-element elementor-element-5b97660 e-con-full e-flex e-con e-child\" data-id=\"5b97660\" data-element_type=\"container\">\n\t\t\t\t<div class=\"elementor-element elementor-element-7516579 headline-1 elementor-widget elementor-widget-heading\" data-id=\"7516579\" data-element_type=\"widget\" data-widget_type=\"heading.default\">\n\t\t\t\t<div class=\"elementor-widget-container\">\n\t\t\t<style>\/*! elementor - v3.23.0 - 05-08-2024 *\/\n.elementor-heading-title{padding:0;margin:0;line-height:1}.elementor-widget-heading .elementor-heading-title[class*=elementor-size-]>a{color:inherit;font-size:inherit;line-height:inherit}.elementor-widget-heading .elementor-heading-title.elementor-size-small{font-size:15px}.elementor-widget-heading .elementor-heading-title.elementor-size-medium{font-size:19px}.elementor-widget-heading .elementor-heading-title.elementor-size-large{font-size:29px}.elementor-widget-heading .elementor-heading-title.elementor-size-xl{font-size:39px}.elementor-widget-heading .elementor-heading-title.elementor-size-xxl{font-size:59px}<\/style><h1 class=\"elementor-heading-title elementor-size-default\"><span class=\"dark\">Cont\u00e1ctanos<\/span> y transforma \ntu <span class=\"dark\">futuro.... <\/span><\/h1>\t\t<\/div>\n\t\t\t\t<\/div>\n\t\t\t\t<div class=\"elementor-element elementor-element-57d7c39 text-xl elementor-widget elementor-widget-heading\" data-id=\"57d7c39\" data-element_type=\"widget\" data-widget_type=\"heading.default\">\n\t\t\t\t<div class=\"elementor-widget-container\">\n\t\t\t<h2 class=\"elementor-heading-title elementor-size-default\">Descubre tu potencial en un ambiente de excelencia y tradici\u00f3n<\/h2>\t\t<\/div>\n\t\t\t\t<\/div>\n\t\t\t\t<\/div>\n\t\t<div class=\"elementor-element elementor-element-d24a102 e-con-full elementor-hidden-tablet elementor-hidden-mobile e-flex e-con e-child\" data-id=\"d24a102\" data-element_type=\"container\">\n\t\t\t\t<\/div>\n\t\t\t\t\t<\/div>\n\t\t\t\t<\/div>\n\t\t<div class=\"elementor-element elementor-element-3ac9522 e-flex e-con-boxed e-con e-parent\" data-id=\"3ac9522\" data-element_type=\"container\">\n\t\t\t\t\t<div class=\"e-con-inner\">\n\t\t<div class=\"elementor-element elementor-element-a343e35 e-con-full prose-lg e-flex e-con e-child\" data-id=\"a343e35\" data-element_type=\"container\">\n\t\t\t\t<div class=\"elementor-element elementor-element-110cd81 elementor-widget elementor-widget-text-editor\" data-id=\"110cd81\" data-element_type=\"widget\" data-widget_type=\"text-editor.default\">\n\t\t\t\t<div class=\"elementor-widget-container\">\n\t\t\t<style>\/*! elementor - v3.23.0 - 05-08-2024 *\/\n.elementor-widget-text-editor.elementor-drop-cap-view-stacked .elementor-drop-cap{background-color:#69727d;color:#fff}.elementor-widget-text-editor.elementor-drop-cap-view-framed .elementor-drop-cap{color:#69727d;border:3px solid;background-color:transparent}.elementor-widget-text-editor:not(.elementor-drop-cap-view-default) .elementor-drop-cap{margin-top:8px}.elementor-widget-text-editor:not(.elementor-drop-cap-view-default) .elementor-drop-cap-letter{width:1em;height:1em}.elementor-widget-text-editor .elementor-drop-cap{float:left;text-align:center;line-height:1;font-size:50px}.elementor-widget-text-editor .elementor-drop-cap-letter{display:inline-block}<\/style>\t\t\t\t<p>En el Instituto Heracy, cada estudiante es una promesa de grandeza. Si est\u00e1s listo para empezar tu viaje hacia la excelencia educativa y deseas m\u00e1s informaci\u00f3n sobre nuestros programas, completa el formulario a continuaci\u00f3n. Nuestro equipo de admisiones se pondr\u00e1 en contacto contigo para guiarte en cada paso del camino.<\/p>\t\t\t\t\t\t<\/div>\n\t\t\t\t<\/div>\n\t\t<div class=\"elementor-element elementor-element-42f1a03 e-flex e-con-boxed e-con e-child\" data-id=\"42f1a03\" data-element_type=\"container\">\n\t\t\t\t\t<div class=\"e-con-inner\">\n\t\t\t\t<div class=\"elementor-element elementor-element-286f2f5 elementor-widget elementor-widget-image\" data-id=\"286f2f5\" data-element_type=\"widget\" data-widget_type=\"image.default\">\n\t\t\t\t<div class=\"elementor-widget-container\">\n\t\t\t<style>\/*! elementor - v3.23.0 - 05-08-2024 *\/\n.elementor-widget-image{text-align:center}.elementor-widget-image a{display:inline-block}.elementor-widget-image a img[src$=\".svg\"]{width:48px}.elementor-widget-image img{vertical-align:middle;display:inline-block}<\/style>\t\t\t\t\t\t\t\t\t\t<img decoding=\"async\" src=\"https:\/\/heracycommx.local\/app\/uploads\/2024\/02\/heracy-logo.svg\" title=\"\" alt=\"\" loading=\"lazy\" \/>\t\t\t\t\t\t\t\t\t\t\t\t\t<\/div>\n\t\t\t\t<\/div>\n\t\t\t\t<div class=\"elementor-element elementor-element-e4c2fac elementor-widget elementor-widget-image\" data-id=\"e4c2fac\" data-element_type=\"widget\" data-widget_type=\"image.default\">\n\t\t\t\t<div class=\"elementor-widget-container\">\n\t\t\t\t\t\t\t\t\t\t\t\t\t<img decoding=\"async\" src=\"https:\/\/heracycommx.local\/app\/uploads\/2024\/02\/grupo-educativo-siglo-xxi-logo.svg\" title=\"\" alt=\"\" loading=\"lazy\" \/>\t\t\t\t\t\t\t\t\t\t\t\t\t<\/div>\n\t\t\t\t<\/div>\n\t\t\t\t\t<\/div>\n\t\t\t\t<\/div>\n\t\t\t\t<\/div>\n\t\t<div class=\"elementor-element elementor-element-3336ff5 e-con-full e-flex e-con e-child\" data-id=\"3336ff5\" data-element_type=\"container\">\n\t\t<div class=\"elementor-element elementor-element-7977bd1 dark e-flex e-con-boxed e-con e-child\" data-id=\"7977bd1\" data-element_type=\"container\" data-settings=\"{&quot;background_background&quot;:&quot;classic&quot;}\">\n\t\t\t\t\t<div class=\"e-con-inner\">\n\t\t\t\t<div class=\"elementor-element elementor-element-5a0cc45 elementor-widget elementor-widget-text-editor\" data-id=\"5a0cc45\" data-element_type=\"widget\" data-widget_type=\"text-editor.default\">\n\t\t\t\t<div class=\"elementor-widget-container\">\n\t\t\t\t\t\t\t<div class=\"elementor-element elementor-element-b66a287 elementor-widget elementor-widget-text-editor\" data-id=\"b66a287\" data-element_type=\"widget\" data-widget_type=\"text-editor.default\"><div class=\"elementor-widget-container\"><p><a href=\"callto:9991682215\" data-dtype=\"d3ph\" data-local-attribute=\"d3ph\" data-ved=\"2ahUKEwj-sKWdia6GAxVzJUQIHXu9As0QkAgoAHoECDcQAw\"><span aria-label=\"Call phone number 999 168 2215\">999 168 2215<\/span><\/a><\/p><p><a href=\"mailto:info@heracy.com.mx\">info@heracy.com<\/a>.mx<\/p><p><a href=\"https:\/\/www.google.com\/maps\/place\/Instituto+Heracy\/@21.0301972,-89.5645127,15z\/data=!4m2!3m1!1s0x0:0x625f32482edeea52?sa=X&amp;ved=1t:2428&amp;ictx=111\">Calle 24-C, Carretera Cholul<\/a><br \/>M\u00e9rida, Yuc. C.P. 97305<\/p><\/div><\/div>\t\t\t\t\t\t<\/div>\n\t\t\t\t<\/div>\n\t\t\t\t\t<\/div>\n\t\t\t\t<\/div>\n\t\t\t\t<\/div>\n\t\t\t\t\t<\/div>\n\t\t\t\t<\/div>\n\t\t\t\t<\/div>\n\t\t","protected":false},"excerpt":{"rendered":"<p>Cont\u00e1ctanos y transforma tu futuro&#8230;. Descubre tu potencial en un ambiente de excelencia y tradici\u00f3n En el Instituto Heracy, cada estudiante es una promesa de grandeza. Si est\u00e1s listo para empezar tu viaje hacia la excelencia educativa y deseas m\u00e1s informaci\u00f3n sobre nuestros programas, completa el formulario a continuaci\u00f3n. Nuestro equipo de admisiones se pondr\u00e1 [&hellip;]<\/p>\n","protected":false},"author":1,"featured_media":0,"parent":0,"menu_order":0,"comment_status":"closed","ping_status":"closed","template":"","meta":{"inline_featured_image":false,"footnotes":""},"class_list":["post-181","page","type-page","status-publish","hentry"],"_links":{"self":[{"href":"https:\/\/heracy.edu.mx\/index.php?rest_route=\/wp\/v2\/pages\/181","targetHints":{"allow":["GET"]}}],"collection":[{"href":"https:\/\/heracy.edu.mx\/index.php?rest_route=\/wp\/v2\/pages"}],"about":[{"href":"https:\/\/heracy.edu.mx\/index.php?rest_route=\/wp\/v2\/types\/page"}],"author":[{"embeddable":true,"href":"https:\/\/heracy.edu.mx\/index.php?rest_route=\/wp\/v2\/users\/1"}],"replies":[{"embeddable":true,"href":"https:\/\/heracy.edu.mx\/index.php?rest_route=%2Fwp%2Fv2%2Fcomments&post=181"}],"version-history":[{"count":3,"href":"https:\/\/heracy.edu.mx\/index.php?rest_route=\/wp\/v2\/pages\/181\/revisions"}],"predecessor-version":[{"id":621,"href":"https:\/\/heracy.edu.mx\/index.php?rest_route=\/wp\/v2\/pages\/181\/revisions\/621"}],"wp:attachment":[{"href":"https:\/\/heracy.edu.mx\/index.php?rest_route=%2Fwp%2Fv2%2Fmedia&parent=181"}],"curies":[{"name":"wp","href":"https:\/\/api.w.org\/{rel}","templated":true}]}}