{"id":179,"date":"2024-05-14T21:15:15","date_gmt":"2024-05-14T21:15:15","guid":{"rendered":"https:\/\/heracycommx.local\/?page_id=179"},"modified":"2024-05-14T21:15:15","modified_gmt":"2024-05-14T21:15:15","slug":"quienes-somos","status":"publish","type":"page","link":"https:\/\/heracy.edu.mx\/?page_id=179","title":{"rendered":"\u00bfQui\u00e9nes Somos?"},"content":{"rendered":"\t\t<div data-elementor-type=\"wp-page\" data-elementor-id=\"179\" class=\"elementor elementor-179\">\n\t\t\t\t<div class=\"elementor-element elementor-element-d35f2ec e-flex e-con-boxed e-con e-parent\" data-id=\"d35f2ec\" data-element_type=\"container\" data-settings=\"{&quot;background_background&quot;:&quot;classic&quot;}\">\n\t\t\t\t\t<div class=\"e-con-inner\">\n\t\t<div class=\"elementor-element elementor-element-c5f0a4c e-con-full e-flex e-con e-child\" data-id=\"c5f0a4c\" data-element_type=\"container\">\n\t\t\t\t<\/div>\n\t\t\t\t\t<\/div>\n\t\t\t\t<\/div>\n\t\t<div class=\"elementor-element elementor-element-fba1c63 e-flex e-con-boxed e-con e-parent\" data-id=\"fba1c63\" data-element_type=\"container\">\n\t\t\t\t\t<div class=\"e-con-inner\">\n\t\t<div class=\"elementor-element elementor-element-4bdc486 e-con-full e-flex e-con e-child\" data-id=\"4bdc486\" data-element_type=\"container\">\n\t\t\t\t<div class=\"elementor-element elementor-element-b24460e headline-2 font-serif elementor-widget elementor-widget-heading\" data-id=\"b24460e\" data-element_type=\"widget\" data-widget_type=\"heading.default\">\n\t\t\t\t<div class=\"elementor-widget-container\">\n\t\t\t<style>\/*! elementor - v3.23.0 - 05-08-2024 *\/\n.elementor-heading-title{padding:0;margin:0;line-height:1}.elementor-widget-heading .elementor-heading-title[class*=elementor-size-]>a{color:inherit;font-size:inherit;line-height:inherit}.elementor-widget-heading .elementor-heading-title.elementor-size-small{font-size:15px}.elementor-widget-heading .elementor-heading-title.elementor-size-medium{font-size:19px}.elementor-widget-heading .elementor-heading-title.elementor-size-large{font-size:29px}.elementor-widget-heading .elementor-heading-title.elementor-size-xl{font-size:39px}.elementor-widget-heading .elementor-heading-title.elementor-size-xxl{font-size:59px}<\/style><h2 class=\"elementor-heading-title elementor-size-default\">Misi\u00f3n<\/h2>\t\t<\/div>\n\t\t\t\t<\/div>\n\t\t\t\t<div class=\"elementor-element elementor-element-778b4f8 body-prose elementor-widget elementor-widget-text-editor\" data-id=\"778b4f8\" data-element_type=\"widget\" data-widget_type=\"text-editor.default\">\n\t\t\t\t<div class=\"elementor-widget-container\">\n\t\t\t<style>\/*! elementor - v3.23.0 - 05-08-2024 *\/\n.elementor-widget-text-editor.elementor-drop-cap-view-stacked .elementor-drop-cap{background-color:#69727d;color:#fff}.elementor-widget-text-editor.elementor-drop-cap-view-framed .elementor-drop-cap{color:#69727d;border:3px solid;background-color:transparent}.elementor-widget-text-editor:not(.elementor-drop-cap-view-default) .elementor-drop-cap{margin-top:8px}.elementor-widget-text-editor:not(.elementor-drop-cap-view-default) .elementor-drop-cap-letter{width:1em;height:1em}.elementor-widget-text-editor .elementor-drop-cap{float:left;text-align:center;line-height:1;font-size:50px}.elementor-widget-text-editor .elementor-drop-cap-letter{display:inline-block}<\/style>\t\t\t\t<p class=\"p1\">En el Instituto Heracy, nuestra misi\u00f3n es: formar integralmente a personas y profesionales emprendedores, capacitados para adaptarse a un entorno cambiante.<\/br>  A trav\u00e9s del conocimiento y la perspectiva de aprendizaje continuo, nuestros estudiantes son preparados para contribuir a la soluci\u00f3n de los problemas de su comunidad, estado y pa\u00eds, promoviendo la sustentabilidad y considerando al ser humano como la base del desarrollo.<\/br> En el Instituto Heracy, forjamos l\u00edderes con una visi\u00f3n global y el compromiso de generar un impacto positivo en el mundo.<\/p>\t\t\t\t\t\t<\/div>\n\t\t\t\t<\/div>\n\t\t\t\t<\/div>\n\t\t<div class=\"elementor-element elementor-element-b46ef5a e-con-full e-flex e-con e-child\" data-id=\"b46ef5a\" data-element_type=\"container\">\n\t\t\t\t<div class=\"elementor-element elementor-element-8b9bf2d headline-2 font-serif elementor-widget elementor-widget-heading\" data-id=\"8b9bf2d\" data-element_type=\"widget\" data-widget_type=\"heading.default\">\n\t\t\t\t<div class=\"elementor-widget-container\">\n\t\t\t<h2 class=\"elementor-heading-title elementor-size-default\">Valores<\/h2>\t\t<\/div>\n\t\t\t\t<\/div>\n\t\t\t\t<div class=\"elementor-element elementor-element-ff92706 text-lg elementor-widget elementor-widget-text-editor\" data-id=\"ff92706\" data-element_type=\"widget\" data-widget_type=\"text-editor.default\">\n\t\t\t\t<div class=\"elementor-widget-container\">\n\t\t\t\t\t\t\t<ul><li>Calidad<\/li><li>Superaci\u00f3n continua<\/li><li>Pertinencia<\/li><li>Liderazgo educativo<\/li><li>Verdad<\/li><li>Compromiso<\/li><li>\u00c9tica<\/li><li>Integridad<\/li><\/ul>\t\t\t\t\t\t<\/div>\n\t\t\t\t<\/div>\n\t\t\t\t<\/div>\n\t\t\t\t\t<\/div>\n\t\t\t\t<\/div>\n\t\t<div class=\"elementor-element elementor-element-75196a1 dark e-flex e-con-boxed e-con e-parent\" data-id=\"75196a1\" data-element_type=\"container\" data-settings=\"{&quot;background_background&quot;:&quot;classic&quot;}\">\n\t\t\t\t\t<div class=\"e-con-inner\">\n\t\t<div class=\"elementor-element elementor-element-7d3a9ed e-con-full e-flex e-con e-child\" data-id=\"7d3a9ed\" data-element_type=\"container\">\n\t\t\t\t<div class=\"elementor-element elementor-element-7a19bee headline-2 font-serif elementor-widget elementor-widget-heading\" data-id=\"7a19bee\" data-element_type=\"widget\" data-widget_type=\"heading.default\">\n\t\t\t\t<div class=\"elementor-widget-container\">\n\t\t\t<h2 class=\"elementor-heading-title elementor-size-default\">\u00bfQu\u00e9 ofrecemos?<\/h2>\t\t<\/div>\n\t\t\t\t<\/div>\n\t\t\t\t<div class=\"elementor-element elementor-element-39fe967 body-prose elementor-widget elementor-widget-text-editor\" data-id=\"39fe967\" data-element_type=\"widget\" data-widget_type=\"text-editor.default\">\n\t\t\t\t<div class=\"elementor-widget-container\">\n\t\t\t\t\t\t\t<p>Servicios educativos con una formaci\u00f3n basada en valores, en la salud, en la paz, orientados a moldear, proteger y potenciar los talentos de nuestros estudiantes.<\/p>\t\t\t\t\t\t<\/div>\n\t\t\t\t<\/div>\n\t\t\t\t<div class=\"elementor-element elementor-element-2c27268 headline-2 font-serif elementor-widget elementor-widget-heading\" data-id=\"2c27268\" data-element_type=\"widget\" data-widget_type=\"heading.default\">\n\t\t\t\t<div class=\"elementor-widget-container\">\n\t\t\t<h2 class=\"elementor-heading-title elementor-size-default\">\u00bfPor qu\u00e9 lo ofrecemos?<\/h2>\t\t<\/div>\n\t\t\t\t<\/div>\n\t\t\t\t<div class=\"elementor-element elementor-element-9ab454c body-prose elementor-widget elementor-widget-text-editor\" data-id=\"9ab454c\" data-element_type=\"widget\" data-widget_type=\"text-editor.default\">\n\t\t\t\t<div class=\"elementor-widget-container\">\n\t\t\t\t\t\t\t<p>Porque creemos que detr\u00e1s de cada estudiante hay talentos y potencial<\/p>\t\t\t\t\t\t<\/div>\n\t\t\t\t<\/div>\n\t\t\t\t<\/div>\n\t\t<div class=\"elementor-element elementor-element-e6f7394 e-con-full e-flex e-con e-child\" data-id=\"e6f7394\" data-element_type=\"container\">\n\t\t\t\t<div class=\"elementor-element elementor-element-a1a0c0f headline-2 font-serif elementor-widget elementor-widget-heading\" data-id=\"a1a0c0f\" data-element_type=\"widget\" data-widget_type=\"heading.default\">\n\t\t\t\t<div class=\"elementor-widget-container\">\n\t\t\t<h2 class=\"elementor-heading-title elementor-size-default\">\u00bfPara qu\u00e9 lo ofrecemos?<\/h2>\t\t<\/div>\n\t\t\t\t<\/div>\n\t\t\t\t<div class=\"elementor-element elementor-element-e0d03f4 body-prose elementor-widget elementor-widget-text-editor\" data-id=\"e0d03f4\" data-element_type=\"widget\" data-widget_type=\"text-editor.default\">\n\t\t\t\t<div class=\"elementor-widget-container\">\n\t\t\t\t\t\t\t<p>Para co-construir un legado de una educaci\u00f3n integral que forme parte de nuestra herencia compartida de generaci\u00f3n en generaci\u00f3n.<\/p><p>Nuestra misi\u00f3n es contribuir en la formaci\u00f3n de estudiantes que descubran, reconozcan y potencialicen sus talentos, a trav\u00e9s del trabajo en conjunto entre maestros, estudiantes y familia.<\/p>\t\t\t\t\t\t<\/div>\n\t\t\t\t<\/div>\n\t\t\t\t<\/div>\n\t\t\t\t\t<\/div>\n\t\t\t\t<\/div>\n\t\t\t\t<\/div>\n\t\t","protected":false},"excerpt":{"rendered":"<p>Misi\u00f3n En el Instituto Heracy, nuestra misi\u00f3n es: formar integralmente a personas y profesionales emprendedores, capacitados para adaptarse a un entorno cambiante. A trav\u00e9s del conocimiento y la perspectiva de aprendizaje continuo, nuestros estudiantes son preparados para contribuir a la soluci\u00f3n de los problemas de su comunidad, estado y pa\u00eds, promoviendo la sustentabilidad y considerando [&hellip;]<\/p>\n","protected":false},"author":1,"featured_media":0,"parent":0,"menu_order":0,"comment_status":"closed","ping_status":"closed","template":"","meta":{"inline_featured_image":false,"footnotes":""},"class_list":["post-179","page","type-page","status-publish","hentry"],"_links":{"self":[{"href":"https:\/\/heracy.edu.mx\/index.php?rest_route=\/wp\/v2\/pages\/179","targetHints":{"allow":["GET"]}}],"collection":[{"href":"https:\/\/heracy.edu.mx\/index.php?rest_route=\/wp\/v2\/pages"}],"about":[{"href":"https:\/\/heracy.edu.mx\/index.php?rest_route=\/wp\/v2\/types\/page"}],"author":[{"embeddable":true,"href":"https:\/\/heracy.edu.mx\/index.php?rest_route=\/wp\/v2\/users\/1"}],"replies":[{"embeddable":true,"href":"https:\/\/heracy.edu.mx\/index.php?rest_route=%2Fwp%2Fv2%2Fcomments&post=179"}],"version-history":[{"count":0,"href":"https:\/\/heracy.edu.mx\/index.php?rest_route=\/wp\/v2\/pages\/179\/revisions"}],"wp:attachment":[{"href":"https:\/\/heracy.edu.mx\/index.php?rest_route=%2Fwp%2Fv2%2Fmedia&parent=179"}],"curies":[{"name":"wp","href":"https:\/\/api.w.org\/{rel}","templated":true}]}}